{"id":1239,"date":"2020-11-17T16:17:31","date_gmt":"2020-11-17T15:17:31","guid":{"rendered":"https:\/\/www.premioborciani.it\/?page_id=1239"},"modified":"2026-03-03T15:21:55","modified_gmt":"2026-03-03T14:21:55","slug":"rules-2024","status":"publish","type":"page","link":"https:\/\/www.premioborciani.it\/en\/rules-2024\/","title":{"rendered":"Rules 2026-2027"},"content":{"rendered":"\n<p style=\"font-size:1px\">The<em>The 12th International String Quartets Competition Premio Paolo Borciani will be held from June 5 &#8211; 13 2021 at Teatro Municipale Romolo Valli in Reggio Emilia.<\/em><\/p>\n\n\n\n<p style=\"font-size:28px\"><em>The 14th edition of the International String Quartet Competition Premio Paolo Borciani will be held at the Teatro Municipale Valli, Reggio Emilia from 29 May to 6 June 2027.<\/em><br>The competition, with Francesco Filidei music advisor, is organized by the Fondazione I Teatri.<br><strong>10 Quartets<br>4 Rounds<br>3 Finalists<\/strong><br><strong>46.000 \u20ac in prizes<\/strong><\/p>\n\n\n\n<div style=\"display:none;\">\n\n\n\n<p>The Competition is open to String Quartets of any nationalities.<br>The combined age of the four members of each Quartet must not exceed 128 years.<br>Single members can be no older than 35 years old as of June 7, 2024 (included).<br><br>The new Application and the required documents must be compiled and sent<strong> from Monday, October 9, 2023 <\/strong>and <strong>no later than 18.00 (CET), Monday, January 8, 2024.<\/strong> <\/p>\n\n\n\n<div class=\"wp-block-buttons is-layout-flex wp-block-buttons-is-layout-flex\">\n<div class=\"wp-block-button\"><a class=\"wp-block-button__link wp-element-button\" href=\"https:\/\/www.premioborciani.it\/wp-content\/uploads\/PPB-REGOLAMENTO-2024-GB.pdf\" target=\"_blank\" rel=\"noreferrer noopener\">Rules (Eng)<\/a><\/div>\n\n\n\n<div class=\"wp-block-button\"><a class=\"wp-block-button__link wp-element-button\" href=\"https:\/\/www.premioborciani.it\/wp-content\/uploads\/PPB-REGOLAMENTO-2024-IT-4.pdf\" target=\"_blank\" rel=\"noreferrer noopener\">Bando ( Ita)<\/a><\/div>\n\n\n\n<div class=\"wp-block-button\"><a class=\"wp-block-button__link wp-element-button\" href=\"https:\/\/www.premioborciani.it\/wp-content\/uploads\/PPB-REGOLAMENTO-2024-FR.pdf\" target=\"_blank\" rel=\"noreferrer noopener\">R\u00e8glement g\u00e9n\u00e9ral (Fra)<\/a><\/div>\n\n\n\n<div class=\"wp-block-button\"><a class=\"wp-block-button__link has-background wp-element-button\" href=\"https:\/\/form.123formbuilder.com\/form-6479130\/form-premio-borciani-2024\" style=\"background-color:#a30013\" target=\"_blank\" rel=\"noreferrer noopener\">APPLICATION FORM<\/a><\/div>\n<\/div>\n\n\n\n<\/div>\n","protected":false},"excerpt":{"rendered":"<p>TheThe 12th International String Quartets Competition Premio Paolo Borciani will be held from June 5 &#8211; 13 2021 at Teatro Municipale Romolo Valli in Reggio Emilia. The 14th edition of the International String Quartet Competition Premio Paolo Borciani will be held at the Teatro Municipale Valli, Reggio Emilia from 29 May to 6 June 2027.The [&hellip;]<\/p>\n","protected":false},"author":4,"featured_media":1125,"parent":0,"menu_order":0,"comment_status":"closed","ping_status":"closed","template":"","meta":{"_acf_changed":false,"inline_featured_image":false,"_genesis_hide_title":false,"_genesis_hide_breadcrumbs":false,"_genesis_hide_singular_image":false,"_genesis_hide_footer_widgets":false,"_genesis_custom_body_class":"","_genesis_custom_post_class":"","_genesis_layout":"","footnotes":""},"acf":[],"yoast_head":"<!-- This site is optimized with the Yoast SEO plugin v24.5 - https:\/\/yoast.com\/wordpress\/plugins\/seo\/ -->\n<title>Rules 2026-2027 - Premio Borciani<\/title>\n<meta name=\"robots\" content=\"index, follow, max-snippet:-1, max-image-preview:large, max-video-preview:-1\" \/>\n<link rel=\"canonical\" href=\"https:\/\/www.premioborciani.it\/en\/rules-2024\/\" \/>\n<meta property=\"og:locale\" content=\"en_US\" \/>\n<meta property=\"og:type\" content=\"article\" \/>\n<meta property=\"og:title\" content=\"Rules 2026-2027 - Premio Borciani\" \/>\n<meta property=\"og:description\" content=\"TheThe 12th International String Quartets Competition Premio Paolo Borciani will be held from June 5 &#8211; 13 2021 at Teatro Municipale Romolo Valli in Reggio Emilia. The 14th edition of the International String Quartet Competition Premio Paolo Borciani will be held at the Teatro Municipale Valli, Reggio Emilia from 29 May to 6 June 2027.The [&hellip;]\" \/>\n<meta property=\"og:url\" content=\"https:\/\/www.premioborciani.it\/en\/rules-2024\/\" \/>\n<meta property=\"og:site_name\" content=\"Premio Borciani\" \/>\n<meta property=\"article:publisher\" content=\"https:\/\/www.facebook.com\/iteatri\" \/>\n<meta property=\"article:modified_time\" content=\"2026-03-03T14:21:55+00:00\" \/>\n<meta property=\"og:image\" content=\"https:\/\/www.premioborciani.it\/wp-content\/uploads\/IMG_0033.jpg\" \/>\n\t<meta property=\"og:image:width\" content=\"1798\" \/>\n\t<meta property=\"og:image:height\" content=\"1181\" \/>\n\t<meta property=\"og:image:type\" content=\"image\/jpeg\" \/>\n<meta name=\"twitter:card\" content=\"summary_large_image\" \/>\n<meta name=\"twitter:label1\" content=\"Est. reading time\" \/>\n\t<meta name=\"twitter:data1\" content=\"2 minutes\" \/>\n<script type=\"application\/ld+json\" class=\"yoast-schema-graph\">{\"@context\":\"https:\/\/schema.org\",\"@graph\":[{\"@type\":\"WebPage\",\"@id\":\"https:\/\/www.premioborciani.it\/en\/rules-2024\/\",\"url\":\"https:\/\/www.premioborciani.it\/en\/rules-2024\/\",\"name\":\"Rules 2026-2027 - Premio Borciani\",\"isPartOf\":{\"@id\":\"https:\/\/www.premioborciani.it\/#website\"},\"primaryImageOfPage\":{\"@id\":\"https:\/\/www.premioborciani.it\/en\/rules-2024\/#primaryimage\"},\"image\":{\"@id\":\"https:\/\/www.premioborciani.it\/en\/rules-2024\/#primaryimage\"},\"thumbnailUrl\":\"https:\/\/www.premioborciani.it\/wp-content\/uploads\/IMG_0033.jpg\",\"datePublished\":\"2020-11-17T15:17:31+00:00\",\"dateModified\":\"2026-03-03T14:21:55+00:00\",\"breadcrumb\":{\"@id\":\"https:\/\/www.premioborciani.it\/en\/rules-2024\/#breadcrumb\"},\"inLanguage\":\"en-US\",\"potentialAction\":[{\"@type\":\"ReadAction\",\"target\":[\"https:\/\/www.premioborciani.it\/en\/rules-2024\/\"]}]},{\"@type\":\"ImageObject\",\"inLanguage\":\"en-US\",\"@id\":\"https:\/\/www.premioborciani.it\/en\/rules-2024\/#primaryimage\",\"url\":\"https:\/\/www.premioborciani.it\/wp-content\/uploads\/IMG_0033.jpg\",\"contentUrl\":\"https:\/\/www.premioborciani.it\/wp-content\/uploads\/IMG_0033.jpg\",\"width\":1798,\"height\":1181},{\"@type\":\"BreadcrumbList\",\"@id\":\"https:\/\/www.premioborciani.it\/en\/rules-2024\/#breadcrumb\",\"itemListElement\":[{\"@type\":\"ListItem\",\"position\":1,\"name\":\"Home\",\"item\":\"https:\/\/www.premioborciani.it\/en\/\"},{\"@type\":\"ListItem\",\"position\":2,\"name\":\"Rules 2026-2027\"}]},{\"@type\":\"WebSite\",\"@id\":\"https:\/\/www.premioborciani.it\/#website\",\"url\":\"https:\/\/www.premioborciani.it\/\",\"name\":\"Premio Borciani\",\"description\":\"Sito del Premio Borciani\",\"publisher\":{\"@id\":\"https:\/\/www.premioborciani.it\/#organization\"},\"potentialAction\":[{\"@type\":\"SearchAction\",\"target\":{\"@type\":\"EntryPoint\",\"urlTemplate\":\"https:\/\/www.premioborciani.it\/?s={search_term_string}\"},\"query-input\":{\"@type\":\"PropertyValueSpecification\",\"valueRequired\":true,\"valueName\":\"search_term_string\"}}],\"inLanguage\":\"en-US\"},{\"@type\":\"Organization\",\"@id\":\"https:\/\/www.premioborciani.it\/#organization\",\"name\":\"Premio Borciani - Concorso Internazionale\",\"url\":\"https:\/\/www.premioborciani.it\/\",\"logo\":{\"@type\":\"ImageObject\",\"inLanguage\":\"en-US\",\"@id\":\"https:\/\/www.premioborciani.it\/#\/schema\/logo\/image\/\",\"url\":\"https:\/\/www.premioborciani.it\/wp-content\/uploads\/logo-premio-borciani.svg\",\"contentUrl\":\"https:\/\/www.premioborciani.it\/wp-content\/uploads\/logo-premio-borciani.svg\",\"width\":59,\"height\":134,\"caption\":\"Premio Borciani - Concorso Internazionale\"},\"image\":{\"@id\":\"https:\/\/www.premioborciani.it\/#\/schema\/logo\/image\/\"},\"sameAs\":[\"https:\/\/www.facebook.com\/iteatri\",\"https:\/\/www.instagram.com\/iteatri_reggioemilia\/\",\"https:\/\/www.youtube.com\/channel\/UCbPA7Pip_KvV6qwnTZePiaw\"]}]}<\/script>\n<!-- \/ Yoast SEO plugin. -->","yoast_head_json":{"title":"Rules 2026-2027 - Premio Borciani","robots":{"index":"index","follow":"follow","max-snippet":"max-snippet:-1","max-image-preview":"max-image-preview:large","max-video-preview":"max-video-preview:-1"},"canonical":"https:\/\/www.premioborciani.it\/en\/rules-2024\/","og_locale":"en_US","og_type":"article","og_title":"Rules 2026-2027 - Premio Borciani","og_description":"TheThe 12th International String Quartets Competition Premio Paolo Borciani will be held from June 5 &#8211; 13 2021 at Teatro Municipale Romolo Valli in Reggio Emilia. The 14th edition of the International String Quartet Competition Premio Paolo Borciani will be held at the Teatro Municipale Valli, Reggio Emilia from 29 May to 6 June 2027.The [&hellip;]","og_url":"https:\/\/www.premioborciani.it\/en\/rules-2024\/","og_site_name":"Premio Borciani","article_publisher":"https:\/\/www.facebook.com\/iteatri","article_modified_time":"2026-03-03T14:21:55+00:00","og_image":[{"width":1798,"height":1181,"url":"https:\/\/www.premioborciani.it\/wp-content\/uploads\/IMG_0033.jpg","type":"image\/jpeg"}],"twitter_card":"summary_large_image","twitter_misc":{"Est. reading time":"2 minutes"},"schema":{"@context":"https:\/\/schema.org","@graph":[{"@type":"WebPage","@id":"https:\/\/www.premioborciani.it\/en\/rules-2024\/","url":"https:\/\/www.premioborciani.it\/en\/rules-2024\/","name":"Rules 2026-2027 - Premio Borciani","isPartOf":{"@id":"https:\/\/www.premioborciani.it\/#website"},"primaryImageOfPage":{"@id":"https:\/\/www.premioborciani.it\/en\/rules-2024\/#primaryimage"},"image":{"@id":"https:\/\/www.premioborciani.it\/en\/rules-2024\/#primaryimage"},"thumbnailUrl":"https:\/\/www.premioborciani.it\/wp-content\/uploads\/IMG_0033.jpg","datePublished":"2020-11-17T15:17:31+00:00","dateModified":"2026-03-03T14:21:55+00:00","breadcrumb":{"@id":"https:\/\/www.premioborciani.it\/en\/rules-2024\/#breadcrumb"},"inLanguage":"en-US","potentialAction":[{"@type":"ReadAction","target":["https:\/\/www.premioborciani.it\/en\/rules-2024\/"]}]},{"@type":"ImageObject","inLanguage":"en-US","@id":"https:\/\/www.premioborciani.it\/en\/rules-2024\/#primaryimage","url":"https:\/\/www.premioborciani.it\/wp-content\/uploads\/IMG_0033.jpg","contentUrl":"https:\/\/www.premioborciani.it\/wp-content\/uploads\/IMG_0033.jpg","width":1798,"height":1181},{"@type":"BreadcrumbList","@id":"https:\/\/www.premioborciani.it\/en\/rules-2024\/#breadcrumb","itemListElement":[{"@type":"ListItem","position":1,"name":"Home","item":"https:\/\/www.premioborciani.it\/en\/"},{"@type":"ListItem","position":2,"name":"Rules 2026-2027"}]},{"@type":"WebSite","@id":"https:\/\/www.premioborciani.it\/#website","url":"https:\/\/www.premioborciani.it\/","name":"Premio Borciani","description":"Sito del Premio Borciani","publisher":{"@id":"https:\/\/www.premioborciani.it\/#organization"},"potentialAction":[{"@type":"SearchAction","target":{"@type":"EntryPoint","urlTemplate":"https:\/\/www.premioborciani.it\/?s={search_term_string}"},"query-input":{"@type":"PropertyValueSpecification","valueRequired":true,"valueName":"search_term_string"}}],"inLanguage":"en-US"},{"@type":"Organization","@id":"https:\/\/www.premioborciani.it\/#organization","name":"Premio Borciani - Concorso Internazionale","url":"https:\/\/www.premioborciani.it\/","logo":{"@type":"ImageObject","inLanguage":"en-US","@id":"https:\/\/www.premioborciani.it\/#\/schema\/logo\/image\/","url":"https:\/\/www.premioborciani.it\/wp-content\/uploads\/logo-premio-borciani.svg","contentUrl":"https:\/\/www.premioborciani.it\/wp-content\/uploads\/logo-premio-borciani.svg","width":59,"height":134,"caption":"Premio Borciani - Concorso Internazionale"},"image":{"@id":"https:\/\/www.premioborciani.it\/#\/schema\/logo\/image\/"},"sameAs":["https:\/\/www.facebook.com\/iteatri","https:\/\/www.instagram.com\/iteatri_reggioemilia\/","https:\/\/www.youtube.com\/channel\/UCbPA7Pip_KvV6qwnTZePiaw"]}]}},"featured_image_src":"https:\/\/www.premioborciani.it\/wp-content\/uploads\/IMG_0033-600x400.jpg","featured_image_src_square":"https:\/\/www.premioborciani.it\/wp-content\/uploads\/IMG_0033-600x600.jpg","_links":{"self":[{"href":"https:\/\/www.premioborciani.it\/en\/wp-json\/wp\/v2\/pages\/1239"}],"collection":[{"href":"https:\/\/www.premioborciani.it\/en\/wp-json\/wp\/v2\/pages"}],"about":[{"href":"https:\/\/www.premioborciani.it\/en\/wp-json\/wp\/v2\/types\/page"}],"author":[{"embeddable":true,"href":"https:\/\/www.premioborciani.it\/en\/wp-json\/wp\/v2\/users\/4"}],"replies":[{"embeddable":true,"href":"https:\/\/www.premioborciani.it\/en\/wp-json\/wp\/v2\/comments?post=1239"}],"version-history":[{"count":11,"href":"https:\/\/www.premioborciani.it\/en\/wp-json\/wp\/v2\/pages\/1239\/revisions"}],"predecessor-version":[{"id":4105,"href":"https:\/\/www.premioborciani.it\/en\/wp-json\/wp\/v2\/pages\/1239\/revisions\/4105"}],"wp:featuredmedia":[{"embeddable":true,"href":"https:\/\/www.premioborciani.it\/en\/wp-json\/wp\/v2\/media\/1125"}],"wp:attachment":[{"href":"https:\/\/www.premioborciani.it\/en\/wp-json\/wp\/v2\/media?parent=1239"}],"curies":[{"name":"wp","href":"https:\/\/api.w.org\/{rel}","templated":true}]}}